{"id":13600,"date":"2024-08-06T13:25:15","date_gmt":"2024-08-06T11:25:15","guid":{"rendered":"http:\/\/ritz-international.com\/a-vallalat\/felelosseg\/"},"modified":"2025-11-12T19:36:58","modified_gmt":"2025-11-12T18:36:58","slug":"felelosseg","status":"publish","type":"page","link":"https:\/\/ritz-international.com\/hu\/a-vallalat\/felelosseg\/","title":{"rendered":"Felel\u0151ss\u00e9g"},"content":{"rendered":"\t\t<div data-elementor-type=\"wp-page\" data-elementor-id=\"13600\" class=\"elementor elementor-13600 elementor-13579\" data-elementor-post-type=\"page\">\n\t\t\t\t\t\t<section class=\"elementor-section elementor-top-section elementor-element elementor-element-ffeb6d1 elementor-section-boxed elementor-section-height-default elementor-section-height-default\" data-id=\"ffeb6d1\" data-element_type=\"section\" data-e-type=\"section\" data-settings=\"{&quot;jet_parallax_layout_list&quot;:[]}\">\n\t\t\t\t\t\t<div class=\"elementor-container elementor-column-gap-default\">\n\t\t\t\t\t<div class=\"elementor-column elementor-col-50 elementor-top-column elementor-element elementor-element-523616e\" data-id=\"523616e\" data-element_type=\"column\" data-e-type=\"column\">\n\t\t\t<div class=\"elementor-widget-wrap elementor-element-populated\">\n\t\t\t\t\t\t<div class=\"elementor-element elementor-element-8c30384 elementor-widget elementor-widget-pp-breadcrumbs\" data-id=\"8c30384\" data-element_type=\"widget\" data-e-type=\"widget\" data-settings=\"{&quot;breadcrumbs_type&quot;:&quot;powerpack&quot;}\" data-widget_type=\"pp-breadcrumbs.default\">\n\t\t\t\t<div class=\"elementor-widget-container\">\n\t\t\t\t\t<ul class=\"pp-breadcrumbs pp-breadcrumbs-powerpack\">\t\t<li class=\"pp-breadcrumbs-item pp-breadcrumbs-item-home\">\n\t\t\t<a class=\"pp-breadcrumbs-crumb pp-breadcrumbs-crumb-link pp-breadcrumbs-crumb-home\" href=\"https:\/\/ritz-international.com\/hu\/\" title=\"Kezd\u0151oldal\">\n\t\t\t\t<span class=\"pp-breadcrumbs-text\">\n\t\t\t\t\t\t\t\t\t\tKezd\u0151oldal\t\t\t\t<\/span>\n\t\t\t<\/a>\n\t\t<\/li>\n\t\t<li class=\"pp-breadcrumbs-separator\">\t\t\t\t<span class='pp-separator-icon pp-icon'>\n\t\t\t\t\t<i aria-hidden=\"true\" class=\"fas fa-angle-right\"><\/i>\t\t\t\t<\/span>\n\t\t\t\t<\/li><\/ul>\t\t\t\t<\/div>\n\t\t\t\t<\/div>\n\t\t\t\t\t<\/div>\n\t\t<\/div>\n\t\t\t\t<div class=\"elementor-column elementor-col-50 elementor-top-column elementor-element elementor-element-d0df601\" data-id=\"d0df601\" data-element_type=\"column\" data-e-type=\"column\">\n\t\t\t<div class=\"elementor-widget-wrap\">\n\t\t\t\t\t\t\t<\/div>\n\t\t<\/div>\n\t\t\t\t\t<\/div>\n\t\t<\/section>\n\t\t\t\t<section class=\"elementor-section elementor-top-section elementor-element elementor-element-5cda0fc elementor-section-boxed elementor-section-height-default elementor-section-height-default\" data-id=\"5cda0fc\" data-element_type=\"section\" data-e-type=\"section\" data-settings=\"{&quot;jet_parallax_layout_list&quot;:[]}\">\n\t\t\t\t\t\t<div class=\"elementor-container elementor-column-gap-default\">\n\t\t\t\t\t<div class=\"elementor-column elementor-col-50 elementor-top-column elementor-element elementor-element-c43bfc3\" data-id=\"c43bfc3\" data-element_type=\"column\" data-e-type=\"column\">\n\t\t\t<div class=\"elementor-widget-wrap elementor-element-populated\">\n\t\t\t\t\t\t<div class=\"elementor-element elementor-element-9e8ae60 elementor-widget elementor-widget-heading\" data-id=\"9e8ae60\" data-element_type=\"widget\" data-e-type=\"widget\" data-widget_type=\"heading.default\">\n\t\t\t\t<div class=\"elementor-widget-container\">\n\t\t\t\t\t<h2 class=\"elementor-heading-title elementor-size-default\">FELEL\u0150SS\u00c9GV\u00c1LLAL\u00c1S MINT K\u00dcLDET\u00c9S\u00dcNK<\/h2>\t\t\t\t<\/div>\n\t\t\t\t<\/div>\n\t\t\t\t<div class=\"elementor-element elementor-element-18af90b elementor-widget elementor-widget-text-editor\" data-id=\"18af90b\" data-element_type=\"widget\" data-e-type=\"widget\" data-widget_type=\"text-editor.default\">\n\t\t\t\t<div class=\"elementor-widget-container\">\n\t\t\t\t\t\t\t\t\t<p>A RITZ \u00e9s a RITZ Alap\u00edtv\u00e1ny a biztons\u00e1got, a megb\u00edzhat\u00f3s\u00e1got \u00e9s a gener\u00e1ci\u00f3kon \u00e1t\u00edvel\u0151 felel\u0151ss\u00e9get k\u00e9pviseli.<br \/>\nMinden tev\u00e9kenys\u00e9g\u00fcnk k\u00f6z\u00e9ppontj\u00e1ban az ember \u00e1ll. <\/p>\n\t\t\t\t\t\t\t\t<\/div>\n\t\t\t\t<\/div>\n\t\t\t\t\t<\/div>\n\t\t<\/div>\n\t\t\t\t<div class=\"elementor-column elementor-col-50 elementor-top-column elementor-element elementor-element-89af649\" data-id=\"89af649\" data-element_type=\"column\" data-e-type=\"column\">\n\t\t\t<div class=\"elementor-widget-wrap elementor-element-populated\">\n\t\t\t\t\t\t<section class=\"elementor-section elementor-inner-section elementor-element elementor-element-f790e83 elementor-section-boxed elementor-section-height-default elementor-section-height-default\" data-id=\"f790e83\" data-element_type=\"section\" data-e-type=\"section\" data-settings=\"{&quot;jet_parallax_layout_list&quot;:[]}\">\n\t\t\t\t\t\t<div class=\"elementor-container elementor-column-gap-default\">\n\t\t\t\t\t<div class=\"elementor-column elementor-col-100 elementor-inner-column elementor-element elementor-element-8c0bca3\" data-id=\"8c0bca3\" data-element_type=\"column\" data-e-type=\"column\" data-settings=\"{&quot;background_background&quot;:&quot;classic&quot;}\">\n\t\t\t<div class=\"elementor-widget-wrap elementor-element-populated\">\n\t\t\t\t\t\t<div class=\"elementor-element elementor-element-6dbf522 elementor-widget elementor-widget-image\" data-id=\"6dbf522\" data-element_type=\"widget\" data-e-type=\"widget\" data-widget_type=\"image.default\">\n\t\t\t\t<div class=\"elementor-widget-container\">\n\t\t\t\t\t\t\t\t\t\t\t\t\t\t\t<img fetchpriority=\"high\" decoding=\"async\" width=\"800\" height=\"800\" src=\"https:\/\/ritz-international.com\/wp-content\/uploads\/wind-energy-sq.jpg\" class=\"attachment-large size-large wp-image-13693\" alt=\"\" srcset=\"https:\/\/ritz-international.com\/wp-content\/uploads\/wind-energy-sq.jpg 1000w, https:\/\/ritz-international.com\/wp-content\/uploads\/wind-energy-sq-300x300.jpg 300w, https:\/\/ritz-international.com\/wp-content\/uploads\/wind-energy-sq-150x150.jpg 150w, https:\/\/ritz-international.com\/wp-content\/uploads\/wind-energy-sq-768x768.jpg 768w\" sizes=\"(max-width: 800px) 100vw, 800px\" \/>\t\t\t\t\t\t\t\t\t\t\t\t\t\t\t<\/div>\n\t\t\t\t<\/div>\n\t\t\t\t\t<\/div>\n\t\t<\/div>\n\t\t\t\t\t<\/div>\n\t\t<\/section>\n\t\t\t\t<section class=\"elementor-section elementor-inner-section elementor-element elementor-element-cc01b2b elementor-section-boxed elementor-section-height-default elementor-section-height-default\" data-id=\"cc01b2b\" data-element_type=\"section\" data-e-type=\"section\" data-settings=\"{&quot;jet_parallax_layout_list&quot;:[]}\">\n\t\t\t\t\t\t<div class=\"elementor-container elementor-column-gap-default\">\n\t\t\t\t\t<div class=\"elementor-column elementor-col-100 elementor-inner-column elementor-element elementor-element-2156e8c\" data-id=\"2156e8c\" data-element_type=\"column\" data-e-type=\"column\" data-settings=\"{&quot;background_background&quot;:&quot;classic&quot;}\">\n\t\t\t<div class=\"elementor-widget-wrap elementor-element-populated\">\n\t\t\t\t\t\t<div class=\"elementor-element elementor-element-4ff2fa0 elementor-widget elementor-widget-heading\" data-id=\"4ff2fa0\" data-element_type=\"widget\" data-e-type=\"widget\" data-widget_type=\"heading.default\">\n\t\t\t\t<div class=\"elementor-widget-container\">\n\t\t\t\t\t<h2 class=\"elementor-heading-title elementor-size-default\">let\u00f6lt\u00e9s<\/h2>\t\t\t\t<\/div>\n\t\t\t\t<\/div>\n\t\t\t\t<div class=\"elementor-element elementor-element-5609909 elementor-icon-list--layout-traditional elementor-list-item-link-full_width elementor-widget elementor-widget-icon-list\" data-id=\"5609909\" data-element_type=\"widget\" data-e-type=\"widget\" data-widget_type=\"icon-list.default\">\n\t\t\t\t<div class=\"elementor-widget-container\">\n\t\t\t\t\t\t\t<ul class=\"elementor-icon-list-items\">\n\t\t\t\t\t\t\t<li class=\"elementor-icon-list-item\">\n\t\t\t\t\t\t\t\t\t\t\t<a href=\"https:\/\/ritz-international.com\/wp-content\/uploads\/HU-Hinweisgebersystem.pdf\" target=\"_blank\">\n\n\t\t\t\t\t\t\t\t\t\t\t\t<span class=\"elementor-icon-list-icon\">\n\t\t\t\t\t\t\t<i aria-hidden=\"true\" class=\"far fa-file-pdf\"><\/i>\t\t\t\t\t\t<\/span>\n\t\t\t\t\t\t\t\t\t\t<span class=\"elementor-icon-list-text\">Bejelent\u0151 rendszer<\/span>\n\t\t\t\t\t\t\t\t\t\t\t<\/a>\n\t\t\t\t\t\t\t\t\t<\/li>\n\t\t\t\t\t\t\t\t<li class=\"elementor-icon-list-item\">\n\t\t\t\t\t\t\t\t\t\t\t<a href=\"https:\/\/ritz-international.com\/wp-content\/uploads\/ZVEI-VDMA-Code-of-Conduct-RITZ-HU.pdf\" target=\"_blank\">\n\n\t\t\t\t\t\t\t\t\t\t\t\t<span class=\"elementor-icon-list-icon\">\n\t\t\t\t\t\t\t<i aria-hidden=\"true\" class=\"far fa-file-pdf\"><\/i>\t\t\t\t\t\t<\/span>\n\t\t\t\t\t\t\t\t\t\t<span class=\"elementor-icon-list-text\">ZVEI-VDMA Code of Conduct<\/span>\n\t\t\t\t\t\t\t\t\t\t\t<\/a>\n\t\t\t\t\t\t\t\t\t<\/li>\n\t\t\t\t\t\t<\/ul>\n\t\t\t\t\t\t<\/div>\n\t\t\t\t<\/div>\n\t\t\t\t\t<\/div>\n\t\t<\/div>\n\t\t\t\t\t<\/div>\n\t\t<\/section>\n\t\t\t\t\t<\/div>\n\t\t<\/div>\n\t\t\t\t\t<\/div>\n\t\t<\/section>\n\t\t\t\t<\/div>\n\t\t","protected":false},"excerpt":{"rendered":"<p>Kezd\u0151oldal FELEL\u0150SS\u00c9GV\u00c1LLAL\u00c1S MINT K\u00dcLDET\u00c9S\u00dcNK A RITZ \u00e9s a RITZ Alap\u00edtv\u00e1ny a biztons\u00e1got, a megb\u00edzhat\u00f3s\u00e1got \u00e9s a gener\u00e1ci\u00f3kon \u00e1t\u00edvel\u0151 felel\u0151ss\u00e9get k\u00e9pviseli. Minden tev\u00e9kenys\u00e9g\u00fcnk k\u00f6z\u00e9ppontj\u00e1ban az ember \u00e1ll. let\u00f6lt\u00e9s Bejelent\u0151 rendszer ZVEI-VDMA Code of Conduct<\/p>\n","protected":false},"author":2,"featured_media":0,"parent":5478,"menu_order":0,"comment_status":"closed","ping_status":"closed","template":"","meta":{"_acf_changed":false,"inline_featured_image":false,"footnotes":""},"class_list":["post-13600","page","type-page","status-publish","hentry"],"acf":[],"yoast_head":"<!-- This site is optimized with the Yoast SEO plugin v27.0 - https:\/\/yoast.com\/product\/yoast-seo-wordpress\/ -->\n<title>Felel\u0151ss\u00e9g - RITZ<\/title>\n<meta name=\"robots\" content=\"index, follow, max-snippet:-1, max-image-preview:large, max-video-preview:-1\" \/>\n<link rel=\"canonical\" href=\"https:\/\/ritz-international.com\/hu\/a-vallalat\/felelosseg\/\" \/>\n<meta property=\"og:locale\" content=\"hu_HU\" \/>\n<meta property=\"og:type\" content=\"article\" \/>\n<meta property=\"og:title\" content=\"Felel\u0151ss\u00e9g - RITZ\" \/>\n<meta property=\"og:description\" content=\"Kezd\u0151oldal FELEL\u0150SS\u00c9GV\u00c1LLAL\u00c1S MINT K\u00dcLDET\u00c9S\u00dcNK A RITZ \u00e9s a RITZ Alap\u00edtv\u00e1ny a biztons\u00e1got, a megb\u00edzhat\u00f3s\u00e1got \u00e9s a gener\u00e1ci\u00f3kon \u00e1t\u00edvel\u0151 felel\u0151ss\u00e9get k\u00e9pviseli. Minden tev\u00e9kenys\u00e9g\u00fcnk k\u00f6z\u00e9ppontj\u00e1ban az ember \u00e1ll. let\u00f6lt\u00e9s Bejelent\u0151 rendszer ZVEI-VDMA Code of Conduct\" \/>\n<meta property=\"og:url\" content=\"https:\/\/ritz-international.com\/hu\/a-vallalat\/felelosseg\/\" \/>\n<meta property=\"og:site_name\" content=\"RITZ\" \/>\n<meta property=\"article:publisher\" content=\"https:\/\/www.instagram.com\/ritz_instrument_transformers\/\" \/>\n<meta property=\"article:modified_time\" content=\"2025-11-12T18:36:58+00:00\" \/>\n<meta property=\"og:image\" content=\"https:\/\/ritz-international.com\/wp-content\/uploads\/wind-energy-sq.jpg\" \/>\n\t<meta property=\"og:image:width\" content=\"1000\" \/>\n\t<meta property=\"og:image:height\" content=\"1000\" \/>\n\t<meta property=\"og:image:type\" content=\"image\/jpeg\" \/>\n<meta name=\"twitter:card\" content=\"summary_large_image\" \/>\n<meta name=\"twitter:label1\" content=\"Becs\u00fclt olvas\u00e1si id\u0151\" \/>\n\t<meta name=\"twitter:data1\" content=\"1 perc\" \/>\n<script type=\"application\/ld+json\" class=\"yoast-schema-graph\">{\"@context\":\"https:\/\/schema.org\",\"@graph\":[{\"@type\":\"WebPage\",\"@id\":\"https:\/\/ritz-international.com\/hu\/a-vallalat\/felelosseg\/\",\"url\":\"https:\/\/ritz-international.com\/hu\/a-vallalat\/felelosseg\/\",\"name\":\"Felel\u0151ss\u00e9g - RITZ\",\"isPartOf\":{\"@id\":\"https:\/\/ritz-international.com\/#website\"},\"primaryImageOfPage\":{\"@id\":\"https:\/\/ritz-international.com\/hu\/a-vallalat\/felelosseg\/#primaryimage\"},\"image\":{\"@id\":\"https:\/\/ritz-international.com\/hu\/a-vallalat\/felelosseg\/#primaryimage\"},\"thumbnailUrl\":\"https:\/\/ritz-international.com\/wp-content\/uploads\/wind-energy-sq.jpg\",\"datePublished\":\"2024-08-06T11:25:15+00:00\",\"dateModified\":\"2025-11-12T18:36:58+00:00\",\"breadcrumb\":{\"@id\":\"https:\/\/ritz-international.com\/hu\/a-vallalat\/felelosseg\/#breadcrumb\"},\"inLanguage\":\"hu\",\"potentialAction\":[{\"@type\":\"ReadAction\",\"target\":[\"https:\/\/ritz-international.com\/hu\/a-vallalat\/felelosseg\/\"]}]},{\"@type\":\"ImageObject\",\"inLanguage\":\"hu\",\"@id\":\"https:\/\/ritz-international.com\/hu\/a-vallalat\/felelosseg\/#primaryimage\",\"url\":\"https:\/\/ritz-international.com\/wp-content\/uploads\/wind-energy-sq.jpg\",\"contentUrl\":\"https:\/\/ritz-international.com\/wp-content\/uploads\/wind-energy-sq.jpg\"},{\"@type\":\"BreadcrumbList\",\"@id\":\"https:\/\/ritz-international.com\/hu\/a-vallalat\/felelosseg\/#breadcrumb\",\"itemListElement\":[{\"@type\":\"ListItem\",\"position\":1,\"name\":\"Startseite\",\"item\":\"https:\/\/ritz-international.com\/hu\/\"},{\"@type\":\"ListItem\",\"position\":2,\"name\":\"V\u00e1llalat\",\"item\":\"https:\/\/ritz-international.com\/en\/company\/\"},{\"@type\":\"ListItem\",\"position\":3,\"name\":\"Felel\u0151ss\u00e9g\"}]},{\"@type\":\"WebSite\",\"@id\":\"https:\/\/ritz-international.com\/#website\",\"url\":\"https:\/\/ritz-international.com\/\",\"name\":\"RITZ International\",\"description\":\"Empowering Our Electrical Future\",\"publisher\":{\"@id\":\"https:\/\/ritz-international.com\/#organization\"},\"potentialAction\":[{\"@type\":\"SearchAction\",\"target\":{\"@type\":\"EntryPoint\",\"urlTemplate\":\"https:\/\/ritz-international.com\/?s={search_term_string}\"},\"query-input\":{\"@type\":\"PropertyValueSpecification\",\"valueRequired\":true,\"valueName\":\"search_term_string\"}}],\"inLanguage\":\"hu\"},{\"@type\":\"Organization\",\"@id\":\"https:\/\/ritz-international.com\/#organization\",\"name\":\"RITZ Instrument Transformers\",\"url\":\"https:\/\/ritz-international.com\/\",\"logo\":{\"@type\":\"ImageObject\",\"inLanguage\":\"hu\",\"@id\":\"https:\/\/ritz-international.com\/#\/schema\/logo\/image\/\",\"url\":\"https:\/\/ritz-international.com\/wp-content\/uploads\/cropped-favicon-1-1.png\",\"contentUrl\":\"https:\/\/ritz-international.com\/wp-content\/uploads\/cropped-favicon-1-1.png\",\"width\":512,\"height\":512,\"caption\":\"RITZ Instrument Transformers\"},\"image\":{\"@id\":\"https:\/\/ritz-international.com\/#\/schema\/logo\/image\/\"},\"sameAs\":[\"https:\/\/www.instagram.com\/ritz_instrument_transformers\/\"]}]}<\/script>\n<!-- \/ Yoast SEO plugin. -->","yoast_head_json":{"title":"Felel\u0151ss\u00e9g - RITZ","robots":{"index":"index","follow":"follow","max-snippet":"max-snippet:-1","max-image-preview":"max-image-preview:large","max-video-preview":"max-video-preview:-1"},"canonical":"https:\/\/ritz-international.com\/hu\/a-vallalat\/felelosseg\/","og_locale":"hu_HU","og_type":"article","og_title":"Felel\u0151ss\u00e9g - RITZ","og_description":"Kezd\u0151oldal FELEL\u0150SS\u00c9GV\u00c1LLAL\u00c1S MINT K\u00dcLDET\u00c9S\u00dcNK A RITZ \u00e9s a RITZ Alap\u00edtv\u00e1ny a biztons\u00e1got, a megb\u00edzhat\u00f3s\u00e1got \u00e9s a gener\u00e1ci\u00f3kon \u00e1t\u00edvel\u0151 felel\u0151ss\u00e9get k\u00e9pviseli. Minden tev\u00e9kenys\u00e9g\u00fcnk k\u00f6z\u00e9ppontj\u00e1ban az ember \u00e1ll. let\u00f6lt\u00e9s Bejelent\u0151 rendszer ZVEI-VDMA Code of Conduct","og_url":"https:\/\/ritz-international.com\/hu\/a-vallalat\/felelosseg\/","og_site_name":"RITZ","article_publisher":"https:\/\/www.instagram.com\/ritz_instrument_transformers\/","article_modified_time":"2025-11-12T18:36:58+00:00","og_image":[{"width":1000,"height":1000,"url":"https:\/\/ritz-international.com\/wp-content\/uploads\/wind-energy-sq.jpg","type":"image\/jpeg"}],"twitter_card":"summary_large_image","twitter_misc":{"Becs\u00fclt olvas\u00e1si id\u0151":"1 perc"},"schema":{"@context":"https:\/\/schema.org","@graph":[{"@type":"WebPage","@id":"https:\/\/ritz-international.com\/hu\/a-vallalat\/felelosseg\/","url":"https:\/\/ritz-international.com\/hu\/a-vallalat\/felelosseg\/","name":"Felel\u0151ss\u00e9g - RITZ","isPartOf":{"@id":"https:\/\/ritz-international.com\/#website"},"primaryImageOfPage":{"@id":"https:\/\/ritz-international.com\/hu\/a-vallalat\/felelosseg\/#primaryimage"},"image":{"@id":"https:\/\/ritz-international.com\/hu\/a-vallalat\/felelosseg\/#primaryimage"},"thumbnailUrl":"https:\/\/ritz-international.com\/wp-content\/uploads\/wind-energy-sq.jpg","datePublished":"2024-08-06T11:25:15+00:00","dateModified":"2025-11-12T18:36:58+00:00","breadcrumb":{"@id":"https:\/\/ritz-international.com\/hu\/a-vallalat\/felelosseg\/#breadcrumb"},"inLanguage":"hu","potentialAction":[{"@type":"ReadAction","target":["https:\/\/ritz-international.com\/hu\/a-vallalat\/felelosseg\/"]}]},{"@type":"ImageObject","inLanguage":"hu","@id":"https:\/\/ritz-international.com\/hu\/a-vallalat\/felelosseg\/#primaryimage","url":"https:\/\/ritz-international.com\/wp-content\/uploads\/wind-energy-sq.jpg","contentUrl":"https:\/\/ritz-international.com\/wp-content\/uploads\/wind-energy-sq.jpg"},{"@type":"BreadcrumbList","@id":"https:\/\/ritz-international.com\/hu\/a-vallalat\/felelosseg\/#breadcrumb","itemListElement":[{"@type":"ListItem","position":1,"name":"Startseite","item":"https:\/\/ritz-international.com\/hu\/"},{"@type":"ListItem","position":2,"name":"V\u00e1llalat","item":"https:\/\/ritz-international.com\/en\/company\/"},{"@type":"ListItem","position":3,"name":"Felel\u0151ss\u00e9g"}]},{"@type":"WebSite","@id":"https:\/\/ritz-international.com\/#website","url":"https:\/\/ritz-international.com\/","name":"RITZ International","description":"Empowering Our Electrical Future","publisher":{"@id":"https:\/\/ritz-international.com\/#organization"},"potentialAction":[{"@type":"SearchAction","target":{"@type":"EntryPoint","urlTemplate":"https:\/\/ritz-international.com\/?s={search_term_string}"},"query-input":{"@type":"PropertyValueSpecification","valueRequired":true,"valueName":"search_term_string"}}],"inLanguage":"hu"},{"@type":"Organization","@id":"https:\/\/ritz-international.com\/#organization","name":"RITZ Instrument Transformers","url":"https:\/\/ritz-international.com\/","logo":{"@type":"ImageObject","inLanguage":"hu","@id":"https:\/\/ritz-international.com\/#\/schema\/logo\/image\/","url":"https:\/\/ritz-international.com\/wp-content\/uploads\/cropped-favicon-1-1.png","contentUrl":"https:\/\/ritz-international.com\/wp-content\/uploads\/cropped-favicon-1-1.png","width":512,"height":512,"caption":"RITZ Instrument Transformers"},"image":{"@id":"https:\/\/ritz-international.com\/#\/schema\/logo\/image\/"},"sameAs":["https:\/\/www.instagram.com\/ritz_instrument_transformers\/"]}]}},"publishpress_future_action":{"enabled":false,"date":"2026-04-27 05:09:12","action":"change-status","newStatus":"draft","terms":[],"taxonomy":"translation_priority","extraData":[]},"publishpress_future_workflow_manual_trigger":{"enabledWorkflows":[]},"_links":{"self":[{"href":"https:\/\/ritz-international.com\/hu\/wp-json\/wp\/v2\/pages\/13600","targetHints":{"allow":["GET"]}}],"collection":[{"href":"https:\/\/ritz-international.com\/hu\/wp-json\/wp\/v2\/pages"}],"about":[{"href":"https:\/\/ritz-international.com\/hu\/wp-json\/wp\/v2\/types\/page"}],"author":[{"embeddable":true,"href":"https:\/\/ritz-international.com\/hu\/wp-json\/wp\/v2\/users\/2"}],"replies":[{"embeddable":true,"href":"https:\/\/ritz-international.com\/hu\/wp-json\/wp\/v2\/comments?post=13600"}],"version-history":[{"count":18,"href":"https:\/\/ritz-international.com\/hu\/wp-json\/wp\/v2\/pages\/13600\/revisions"}],"predecessor-version":[{"id":16501,"href":"https:\/\/ritz-international.com\/hu\/wp-json\/wp\/v2\/pages\/13600\/revisions\/16501"}],"up":[{"embeddable":true,"href":"https:\/\/ritz-international.com\/hu\/wp-json\/wp\/v2\/pages\/5478"}],"wp:attachment":[{"href":"https:\/\/ritz-international.com\/hu\/wp-json\/wp\/v2\/media?parent=13600"}],"curies":[{"name":"wp","href":"https:\/\/api.w.org\/{rel}","templated":true}]}}